{"id":140,"date":"2021-09-12T11:12:08","date_gmt":"2021-09-12T11:12:08","guid":{"rendered":"https:\/\/www.rkdesign.is\/?page_id=140"},"modified":"2021-09-12T11:47:50","modified_gmt":"2021-09-12T11:47:50","slug":"fyrirlestrar","status":"publish","type":"page","link":"https:\/\/www.rkdesign.is\/index.php\/fyrirlestrar\/","title":{"rendered":"Fyrirlestrar"},"content":{"rendered":"\n<p><strong>Light weight constructions with cast steel<\/strong><\/p>\n\n\n<a href=\"https:\/\/www.rkdesign.is\/wp-content\/uploads\/2021\/09\/Cast-steel-in-light-weight-constructions-2012.pdf\" class=\"pdfemb-viewer\" style=\"\" data-width=\"max\" data-height=\"max\" data-toolbar=\"bottom\" data-toolbar-fixed=\"off\">Cast-steel-in-light-weight-constructions-2012<\/a>\n\n\n\n<p><\/p>\n\n\n\n<p><\/p>\n\n\n\n<p><strong>Fyrirlestur \u00e1 Steinsteypudegi<\/strong><\/p>\n\n\n<a href=\"https:\/\/www.rkdesign.is\/wp-content\/uploads\/2021\/09\/Fyrirlestur-a-Steinsteypudegi-21.2.2014.pdf\" class=\"pdfemb-viewer\" style=\"\" data-width=\"max\" data-height=\"max\" data-toolbar=\"bottom\" data-toolbar-fixed=\"off\">Fyrirlestur-a-Steinsteypudegi-21.2.2014<\/a>\n\n\n\n<p><\/p>\n\n\n\n<p><strong>Fyrirlestur HR um mygluvandam\u00e1l<\/strong><\/p>\n\n\n<a href=\"https:\/\/www.rkdesign.is\/wp-content\/uploads\/2021\/09\/Fyrirlestur-HR-um-mygluvandamal.pdf\" class=\"pdfemb-viewer\" style=\"\" data-width=\"max\" data-height=\"max\" data-toolbar=\"bottom\" data-toolbar-fixed=\"off\">Fyrirlestur-HR-um-mygluvandamal<\/a>\n\n\n\n<p><\/p>\n\n\n\n<p><strong>Kynning Meet in Reykjavik<\/strong><\/p>\n\n\n<a href=\"https:\/\/www.rkdesign.is\/wp-content\/uploads\/2021\/09\/Kynning-Meet-in-Reykjavik.pdf\" class=\"pdfemb-viewer\" style=\"\" data-width=\"max\" data-height=\"max\" data-toolbar=\"bottom\" data-toolbar-fixed=\"off\">Kynning-Meet-in-Reykjavik<\/a>\n\n\n\n<p><\/p>\n\n\n\n<p><strong>Myglur\u00e1\u00f0gjafinn<\/strong><\/p>\n\n\n<a href=\"https:\/\/www.rkdesign.is\/wp-content\/uploads\/2021\/09\/Mygluradgjafinn.pdf\" class=\"pdfemb-viewer\" style=\"\" data-width=\"max\" data-height=\"max\" data-toolbar=\"bottom\" data-toolbar-fixed=\"off\">Mygluradgjafinn<\/a>\n\n\n\n<p><\/p>\n\n\n\n<p><strong>PARIS HILTON AND ME<\/strong><\/p>\n\n\n<a href=\"https:\/\/www.rkdesign.is\/wp-content\/uploads\/2021\/09\/PARIS-HILTON-AND-ME2-short-version.pdf\" class=\"pdfemb-viewer\" style=\"\" data-width=\"max\" data-height=\"max\" data-toolbar=\"bottom\" data-toolbar-fixed=\"off\">PARIS-HILTON-AND-ME2-short-version<\/a>\n\n\n\n<p><\/p>\n\n\n\n<p><strong>Sundabraut kynning<\/strong><\/p>\n\n\n<a href=\"https:\/\/www.rkdesign.is\/wp-content\/uploads\/2021\/09\/Sundabraut-kynning-des-2002-long.pdf\" class=\"pdfemb-viewer\" style=\"\" data-width=\"max\" data-height=\"max\" data-toolbar=\"bottom\" data-toolbar-fixed=\"off\">Sundabraut-kynning-des-2002-long<\/a>\n","protected":false},"excerpt":{"rendered":"<p>Light weight constructions with cast steel Fyrirlestur \u00e1 Steinsteypudegi Fyrirlestur HR um mygluvandam\u00e1l Kynning Meet in Reykjavik Myglur\u00e1\u00f0gjafinn PARIS HILTON AND ME Sundabraut kynning<\/p>\n","protected":false},"author":1,"featured_media":0,"parent":0,"menu_order":0,"comment_status":"closed","ping_status":"closed","template":"","meta":{"footnotes":""},"class_list":["post-140","page","type-page","status-publish","hentry"],"_links":{"self":[{"href":"https:\/\/www.rkdesign.is\/index.php\/wp-json\/wp\/v2\/pages\/140","targetHints":{"allow":["GET"]}}],"collection":[{"href":"https:\/\/www.rkdesign.is\/index.php\/wp-json\/wp\/v2\/pages"}],"about":[{"href":"https:\/\/www.rkdesign.is\/index.php\/wp-json\/wp\/v2\/types\/page"}],"author":[{"embeddable":true,"href":"https:\/\/www.rkdesign.is\/index.php\/wp-json\/wp\/v2\/users\/1"}],"replies":[{"embeddable":true,"href":"https:\/\/www.rkdesign.is\/index.php\/wp-json\/wp\/v2\/comments?post=140"}],"version-history":[{"count":19,"href":"https:\/\/www.rkdesign.is\/index.php\/wp-json\/wp\/v2\/pages\/140\/revisions"}],"predecessor-version":[{"id":310,"href":"https:\/\/www.rkdesign.is\/index.php\/wp-json\/wp\/v2\/pages\/140\/revisions\/310"}],"wp:attachment":[{"href":"https:\/\/www.rkdesign.is\/index.php\/wp-json\/wp\/v2\/media?parent=140"}],"curies":[{"name":"wp","href":"https:\/\/api.w.org\/{rel}","templated":true}]}}