{"id":7,"date":"2020-11-04T13:09:16","date_gmt":"2020-11-04T13:09:16","guid":{"rendered":"http:\/\/www.rkdesign.is\/?page_id=7"},"modified":"2021-05-24T15:01:49","modified_gmt":"2021-05-24T15:01:49","slug":"about","status":"publish","type":"page","link":"https:\/\/www.rkdesign.is\/index.php\/about\/","title":{"rendered":"Um RK design"},"content":{"rendered":"\n<p>A\u00f0 baki RK design stendur dr. R\u00edkhar\u00f0ur Kristj\u00e1nsson verkfr\u00e6\u00f0ingur. R\u00edkhar\u00f0ur er me\u00f0 t\u00e6plega 50 \u00e1ra faglega reynslu \u00ed verkfr\u00e6\u00f0ivinnu, stj\u00f3rnun og ranns\u00f3knum. Fagsvi\u00f0 eru steinsteyput\u00e6kni, br\u00fdr og h\u00fasbyggingar, e\u00f0lisfr\u00e6\u00f0i bygginga, verkefnisstj\u00f3rnun, h\u00f6nnun mannvirkja, H\u00f6nnunarstj\u00f3rnun, finite element a\u00f0fer\u00f0ir, vi\u00f0ger\u00f0ir og ending bygginga. Hann hefur einnig unni\u00f0 sem d\u00f3mari og matsma\u00f0ur fr\u00e1 1980 \u00ed yfir 100 m\u00e1lum.<\/p>\n","protected":false},"excerpt":{"rendered":"<p>A\u00f0 baki RK design stendur dr. R\u00edkhar\u00f0ur Kristj\u00e1nsson verkfr\u00e6\u00f0ingur. R\u00edkhar\u00f0ur er me\u00f0 t\u00e6plega 50 \u00e1ra faglega reynslu \u00ed verkfr\u00e6\u00f0ivinnu, stj\u00f3rnun og ranns\u00f3knum. Fagsvi\u00f0 eru steinsteyput\u00e6kni, br\u00fdr og h\u00fasbyggingar, e\u00f0lisfr\u00e6\u00f0i bygginga, verkefnisstj\u00f3rnun, h\u00f6nnun mannvirkja, H\u00f6nnunarstj\u00f3rnun, finite element a\u00f0fer\u00f0ir, vi\u00f0ger\u00f0ir og ending bygginga. Hann hefur einnig unni\u00f0 sem d\u00f3mari og matsma\u00f0ur fr\u00e1 1980 \u00ed yfir 100 m\u00e1lum.<\/p>\n","protected":false},"author":1,"featured_media":0,"parent":0,"menu_order":0,"comment_status":"closed","ping_status":"closed","template":"","meta":{"footnotes":""},"class_list":["post-7","page","type-page","status-publish","hentry"],"_links":{"self":[{"href":"https:\/\/www.rkdesign.is\/index.php\/wp-json\/wp\/v2\/pages\/7","targetHints":{"allow":["GET"]}}],"collection":[{"href":"https:\/\/www.rkdesign.is\/index.php\/wp-json\/wp\/v2\/pages"}],"about":[{"href":"https:\/\/www.rkdesign.is\/index.php\/wp-json\/wp\/v2\/types\/page"}],"author":[{"embeddable":true,"href":"https:\/\/www.rkdesign.is\/index.php\/wp-json\/wp\/v2\/users\/1"}],"replies":[{"embeddable":true,"href":"https:\/\/www.rkdesign.is\/index.php\/wp-json\/wp\/v2\/comments?post=7"}],"version-history":[{"count":5,"href":"https:\/\/www.rkdesign.is\/index.php\/wp-json\/wp\/v2\/pages\/7\/revisions"}],"predecessor-version":[{"id":59,"href":"https:\/\/www.rkdesign.is\/index.php\/wp-json\/wp\/v2\/pages\/7\/revisions\/59"}],"wp:attachment":[{"href":"https:\/\/www.rkdesign.is\/index.php\/wp-json\/wp\/v2\/media?parent=7"}],"curies":[{"name":"wp","href":"https:\/\/api.w.org\/{rel}","templated":true}]}}