{"id":8,"date":"2020-11-04T13:09:16","date_gmt":"2020-11-04T13:09:16","guid":{"rendered":"http:\/\/www.rkdesign.is\/?page_id=8"},"modified":"2021-09-12T19:51:57","modified_gmt":"2021-09-12T19:51:57","slug":"contact","status":"publish","type":"page","link":"https:\/\/www.rkdesign.is\/index.php\/contact\/","title":{"rendered":"Hafa samband"},"content":{"rendered":"\n<p><strong>Heimilisfang<\/strong><br>Nor\u00f0urbakki 17A<br>220 Hafnarfj\u00f6r\u00f0ur<\/p>\n\n\n\n<p><strong>Hafa samband<\/strong><br>Netfang: <a href=\"mailto:rk@rkdesign.is\">rk@rkdesign.is<\/a><br>S\u00edmi: +354 695 6488<\/p>\n\n\n\n<p><\/p>\n","protected":false},"excerpt":{"rendered":"<p>HeimilisfangNor\u00f0urbakki 17A220 Hafnarfj\u00f6r\u00f0ur Hafa sambandNetfang: rk@rkdesign.isS\u00edmi: +354 695 6488<\/p>\n","protected":false},"author":1,"featured_media":0,"parent":0,"menu_order":0,"comment_status":"closed","ping_status":"closed","template":"","meta":{"footnotes":""},"class_list":["post-8","page","type-page","status-publish","hentry"],"_links":{"self":[{"href":"https:\/\/www.rkdesign.is\/index.php\/wp-json\/wp\/v2\/pages\/8","targetHints":{"allow":["GET"]}}],"collection":[{"href":"https:\/\/www.rkdesign.is\/index.php\/wp-json\/wp\/v2\/pages"}],"about":[{"href":"https:\/\/www.rkdesign.is\/index.php\/wp-json\/wp\/v2\/types\/page"}],"author":[{"embeddable":true,"href":"https:\/\/www.rkdesign.is\/index.php\/wp-json\/wp\/v2\/users\/1"}],"replies":[{"embeddable":true,"href":"https:\/\/www.rkdesign.is\/index.php\/wp-json\/wp\/v2\/comments?post=8"}],"version-history":[{"count":4,"href":"https:\/\/www.rkdesign.is\/index.php\/wp-json\/wp\/v2\/pages\/8\/revisions"}],"predecessor-version":[{"id":314,"href":"https:\/\/www.rkdesign.is\/index.php\/wp-json\/wp\/v2\/pages\/8\/revisions\/314"}],"wp:attachment":[{"href":"https:\/\/www.rkdesign.is\/index.php\/wp-json\/wp\/v2\/media?parent=8"}],"curies":[{"name":"wp","href":"https:\/\/api.w.org\/{rel}","templated":true}]}}