{"id":89,"date":"2021-09-12T10:20:12","date_gmt":"2021-09-12T10:20:12","guid":{"rendered":"https:\/\/www.rkdesign.is\/?page_id=89"},"modified":"2021-09-12T13:06:20","modified_gmt":"2021-09-12T13:06:20","slug":"verk-sem-mer-thykir-vaent-um","status":"publish","type":"page","link":"https:\/\/www.rkdesign.is\/index.php\/verk-sem-mer-thykir-vaent-um\/","title":{"rendered":"\u00c1hugaver\u00f0 verkefni"},"content":{"rendered":"\n<p><\/p>\n\n\n\n<p><strong>Ranns\u00f3knarsk\u00fdrsla um steypuskemmdir apr\u00edl 2012<\/strong><\/p>\n\n\n\n<div class=\"wp-block-image\"><figure class=\"aligncenter size-full\"><img loading=\"lazy\" decoding=\"async\" width=\"428\" height=\"544\" src=\"https:\/\/www.rkdesign.is\/wp-content\/uploads\/2021\/09\/Steypuskemmdir.jpg\" alt=\"\" class=\"wp-image-117\" srcset=\"https:\/\/www.rkdesign.is\/wp-content\/uploads\/2021\/09\/Steypuskemmdir.jpg 428w, https:\/\/www.rkdesign.is\/wp-content\/uploads\/2021\/09\/Steypuskemmdir-236x300.jpg 236w\" sizes=\"auto, (max-width: 428px) 100vw, 428px\" \/><\/figure><\/div>\n\n\n\n<p><\/p>\n\n\n\n<p><strong>Endurger\u00f0 H\u00f3lad\u00f3mkirkju<\/strong>.<\/p>\n\n\n\n<p><\/p>\n\n\n\n<div class=\"wp-block-image\"><figure class=\"aligncenter size-full is-resized\"><img loading=\"lazy\" decoding=\"async\" src=\"https:\/\/www.rkdesign.is\/wp-content\/uploads\/2021\/09\/Holakirkja-1.jpg\" alt=\"\" class=\"wp-image-91\" width=\"308\" height=\"411\" srcset=\"https:\/\/www.rkdesign.is\/wp-content\/uploads\/2021\/09\/Holakirkja-1.jpg 240w, https:\/\/www.rkdesign.is\/wp-content\/uploads\/2021\/09\/Holakirkja-1-225x300.jpg 225w\" sizes=\"auto, (max-width: 308px) 100vw, 308px\" \/><figcaption>H\u00f3lad\u00f3mkirkja<\/figcaption><\/figure><\/div>\n\n\n\n<p>Upphaf samvinnu minnar vi\u00f0 \u00deorstein Gunnarsson sem stendur enn sem og upphaf \u00e1 endurger\u00f0 allra steinh\u00fasa \u00e1tj\u00e1ndu aldarinnar nema Landakirkju sem vi\u00f0 erum a\u00f0 vinna a\u00f0 n\u00fana.<\/p>\n\n\n\n<p><\/p>\n\n\n\n<div class=\"wp-block-image\"><figure class=\"aligncenter size-full\"><img loading=\"lazy\" decoding=\"async\" width=\"400\" height=\"275\" src=\"https:\/\/www.rkdesign.is\/wp-content\/uploads\/2021\/09\/2.jpg\" alt=\"\" class=\"wp-image-92\" srcset=\"https:\/\/www.rkdesign.is\/wp-content\/uploads\/2021\/09\/2.jpg 400w, https:\/\/www.rkdesign.is\/wp-content\/uploads\/2021\/09\/2-300x206.jpg 300w\" sizes=\"auto, (max-width: 400px) 100vw, 400px\" \/><figcaption>H\u00f3lad\u00f3mkirkja<\/figcaption><\/figure><\/div>\n\n\n\n<p><strong>Br\u00fa \u00e1 B\u00fasta\u00f0arveg yfir Miklubraut<\/strong><\/p>\n\n\n\n<p><\/p>\n\n\n\n<div class=\"wp-block-image\"><figure class=\"aligncenter size-large is-resized\"><img loading=\"lazy\" decoding=\"async\" src=\"https:\/\/www.rkdesign.is\/wp-content\/uploads\/2021\/09\/Miklabraut-1024x677.jpg\" alt=\"\" class=\"wp-image-93\" width=\"592\" height=\"391\" srcset=\"https:\/\/www.rkdesign.is\/wp-content\/uploads\/2021\/09\/Miklabraut-1024x677.jpg 1024w, https:\/\/www.rkdesign.is\/wp-content\/uploads\/2021\/09\/Miklabraut-300x198.jpg 300w, https:\/\/www.rkdesign.is\/wp-content\/uploads\/2021\/09\/Miklabraut-768x508.jpg 768w, https:\/\/www.rkdesign.is\/wp-content\/uploads\/2021\/09\/Miklabraut.jpg 1047w\" sizes=\"auto, (max-width: 592px) 100vw, 592px\" \/><\/figure><\/div>\n\n\n\n<p>Br\u00fain \u00fe\u00f3tti mj\u00f6g vel heppnu\u00f0 b\u00e6\u00f0i bur\u00f0ar\u00feolslega, peningalega og \u00fatlitslega.<\/p>\n\n\n\n<p>P\u00e1fi br\u00faarh\u00f6nnu\u00f0a, \u00fej\u00f3\u00f0verjinn Fritz Leonhardt, f\u00f3r yfir h\u00f6nnunina eftir a\u00f0 danska verkfr\u00e6\u00f0istofan COWI haf\u00f0i sagt h\u00f6nnunina h\u00e6ttulega og sag\u00f0i br\u00fana eina \u00fe\u00e1 best h\u00f6nnu\u00f0u sem hann hef\u00f0i s\u00e9\u00f0.<\/p>\n\n\n\n<p><strong>Stafabogabr\u00fain yfir J\u00f6kuls\u00e1 \u00e1 Dal<\/strong><\/p>\n\n\n\n<p><\/p>\n\n\n\n<div class=\"wp-block-image\"><figure class=\"aligncenter size-large is-resized\"><img loading=\"lazy\" decoding=\"async\" src=\"https:\/\/www.rkdesign.is\/wp-content\/uploads\/2021\/09\/Stafabogabruin-yfir-Jokulsa-a-Dal-1024x681.jpg\" alt=\"\" class=\"wp-image-94\" width=\"611\" height=\"406\" srcset=\"https:\/\/www.rkdesign.is\/wp-content\/uploads\/2021\/09\/Stafabogabruin-yfir-Jokulsa-a-Dal-1024x681.jpg 1024w, https:\/\/www.rkdesign.is\/wp-content\/uploads\/2021\/09\/Stafabogabruin-yfir-Jokulsa-a-Dal-300x200.jpg 300w, https:\/\/www.rkdesign.is\/wp-content\/uploads\/2021\/09\/Stafabogabruin-yfir-Jokulsa-a-Dal-768x511.jpg 768w, https:\/\/www.rkdesign.is\/wp-content\/uploads\/2021\/09\/Stafabogabruin-yfir-Jokulsa-a-Dal.jpg 1052w\" sizes=\"auto, (max-width: 611px) 100vw, 611px\" \/><\/figure><\/div>\n\n\n\n<p>Fyrsta bogabr\u00fain \u00ed heiminum me\u00f0 samverkandi st\u00e1l-steypuboga. S\u00fdndi fram \u00e1 m\u00f6guleika bogabr\u00faa til a\u00f0 keppa \u00ed ver\u00f0i vi\u00f0 bj\u00e1lkabr\u00fdr. Endurvakti ger\u00f0 bogabr\u00faa \u00e1 \u00cdslandi eftir 25 \u00e1ra hl\u00e9.<\/p>\n\n\n\n<p><strong>G\u00f6ngubr\u00fain \u00ed Fossvogsdal<\/strong><\/p>\n\n\n\n<p><\/p>\n\n\n\n<div class=\"wp-block-image\"><figure class=\"aligncenter size-large is-resized\"><img loading=\"lazy\" decoding=\"async\" src=\"https:\/\/www.rkdesign.is\/wp-content\/uploads\/2021\/09\/Gongubruin-i-Fossvogsdal-1-682x1024.jpg\" alt=\"\" class=\"wp-image-96\" width=\"371\" height=\"557\" srcset=\"https:\/\/www.rkdesign.is\/wp-content\/uploads\/2021\/09\/Gongubruin-i-Fossvogsdal-1-682x1024.jpg 682w, https:\/\/www.rkdesign.is\/wp-content\/uploads\/2021\/09\/Gongubruin-i-Fossvogsdal-1-200x300.jpg 200w, https:\/\/www.rkdesign.is\/wp-content\/uploads\/2021\/09\/Gongubruin-i-Fossvogsdal-1.jpg 730w\" sizes=\"auto, (max-width: 371px) 100vw, 371px\" \/><\/figure><\/div>\n\n\n\n<p><strong>H\u00f6f\u00f0abakkabr\u00fain<\/strong><\/p>\n\n\n\n<p><\/p>\n\n\n\n<div class=\"wp-block-image\"><figure class=\"aligncenter size-full is-resized\"><img loading=\"lazy\" decoding=\"async\" src=\"https:\/\/www.rkdesign.is\/wp-content\/uploads\/2021\/09\/Hofdabakkabruin.jpg\" alt=\"\" class=\"wp-image-97\" width=\"638\" height=\"411\" srcset=\"https:\/\/www.rkdesign.is\/wp-content\/uploads\/2021\/09\/Hofdabakkabruin.jpg 1018w, https:\/\/www.rkdesign.is\/wp-content\/uploads\/2021\/09\/Hofdabakkabruin-300x194.jpg 300w, https:\/\/www.rkdesign.is\/wp-content\/uploads\/2021\/09\/Hofdabakkabruin-768x496.jpg 768w\" sizes=\"auto, (max-width: 638px) 100vw, 638px\" \/><\/figure><\/div>\n\n\n\n<p><strong>St\u00f6plar H\u00f6f\u00f0abakkabr\u00faarinnar<\/strong><\/p>\n\n\n\n<p><\/p>\n\n\n\n<div class=\"wp-block-image\"><figure class=\"aligncenter size-large is-resized\"><img loading=\"lazy\" decoding=\"async\" src=\"https:\/\/www.rkdesign.is\/wp-content\/uploads\/2021\/09\/Stoplar-Hofdabakkabruarinnar-788x1024.jpg\" alt=\"\" class=\"wp-image-98\" width=\"485\" height=\"630\" srcset=\"https:\/\/www.rkdesign.is\/wp-content\/uploads\/2021\/09\/Stoplar-Hofdabakkabruarinnar-788x1024.jpg 788w, https:\/\/www.rkdesign.is\/wp-content\/uploads\/2021\/09\/Stoplar-Hofdabakkabruarinnar-231x300.jpg 231w, https:\/\/www.rkdesign.is\/wp-content\/uploads\/2021\/09\/Stoplar-Hofdabakkabruarinnar-768x998.jpg 768w, https:\/\/www.rkdesign.is\/wp-content\/uploads\/2021\/09\/Stoplar-Hofdabakkabruarinnar.jpg 873w\" sizes=\"auto, (max-width: 485px) 100vw, 485px\" \/><\/figure><\/div>\n\n\n\n<p><strong>Hengibr\u00fa yfir Markarflj\u00f3tsglj\u00fafrin<\/strong>.<\/p>\n\n\n\n<p><\/p>\n\n\n\n<div class=\"wp-block-image\"><figure class=\"aligncenter size-large is-resized\"><img loading=\"lazy\" decoding=\"async\" src=\"https:\/\/www.rkdesign.is\/wp-content\/uploads\/2021\/09\/Hengibru-yfir-Markarfljotsgljufrin-1024x514.jpg\" alt=\"\" class=\"wp-image-100\" width=\"707\" height=\"354\" srcset=\"https:\/\/www.rkdesign.is\/wp-content\/uploads\/2021\/09\/Hengibru-yfir-Markarfljotsgljufrin-1024x514.jpg 1024w, https:\/\/www.rkdesign.is\/wp-content\/uploads\/2021\/09\/Hengibru-yfir-Markarfljotsgljufrin-300x150.jpg 300w, https:\/\/www.rkdesign.is\/wp-content\/uploads\/2021\/09\/Hengibru-yfir-Markarfljotsgljufrin-768x385.jpg 768w, https:\/\/www.rkdesign.is\/wp-content\/uploads\/2021\/09\/Hengibru-yfir-Markarfljotsgljufrin.jpg 1280w\" sizes=\"auto, (max-width: 707px) 100vw, 707px\" \/><\/figure><\/div>\n\n\n\n<p>H\u00f6nnu\u00f0 og reist \u00e1 \u00feremur d\u00f6gum fyrir \u00fe\u00fdska kvikmyndarger\u00f0armenn.<\/p>\n\n\n\n<p>Sundabrautarverkefni\u00f0. Myndin s\u00fdnir seglbr\u00fa sem aldrei hefur veri\u00f0 bygg\u00f0 \u00ed heiminum.<\/p>\n\n\n\n<p><\/p>\n\n\n\n<figure class=\"wp-block-image size-full\"><img loading=\"lazy\" decoding=\"async\" width=\"1000\" height=\"239\" src=\"https:\/\/www.rkdesign.is\/wp-content\/uploads\/2021\/09\/Sundabrautarverkefnid.jpg\" alt=\"\" class=\"wp-image-102\" srcset=\"https:\/\/www.rkdesign.is\/wp-content\/uploads\/2021\/09\/Sundabrautarverkefnid.jpg 1000w, https:\/\/www.rkdesign.is\/wp-content\/uploads\/2021\/09\/Sundabrautarverkefnid-300x72.jpg 300w, https:\/\/www.rkdesign.is\/wp-content\/uploads\/2021\/09\/Sundabrautarverkefnid-768x184.jpg 768w\" sizes=\"auto, (max-width: 1000px) 100vw, 1000px\" \/><\/figure>\n\n\n\n<p><strong>Sk\u00e1li \u00cdslands \u00e1 heimss\u00fdningunni \u00ed Hannover \u00e1ri\u00f0 2000<\/strong><\/p>\n\n\n\n<p><\/p>\n\n\n\n<div class=\"wp-block-image\"><figure class=\"aligncenter size-full\"><img loading=\"lazy\" decoding=\"async\" width=\"260\" height=\"382\" src=\"https:\/\/www.rkdesign.is\/wp-content\/uploads\/2021\/09\/Skali-Islands-a-heimssyningunni-i-Hannover-arid-2000.jpg\" alt=\"\" class=\"wp-image-103\" srcset=\"https:\/\/www.rkdesign.is\/wp-content\/uploads\/2021\/09\/Skali-Islands-a-heimssyningunni-i-Hannover-arid-2000.jpg 260w, https:\/\/www.rkdesign.is\/wp-content\/uploads\/2021\/09\/Skali-Islands-a-heimssyningunni-i-Hannover-arid-2000-204x300.jpg 204w\" sizes=\"auto, (max-width: 260px) 100vw, 260px\" \/><\/figure><\/div>\n\n\n\n<p>30 metra h\u00e1r goshver inni \u00ed sk\u00e1lanum.<\/p>\n\n\n\n<p><\/p>\n\n\n\n<div class=\"wp-block-image\"><figure class=\"aligncenter size-full\"><img loading=\"lazy\" decoding=\"async\" width=\"375\" height=\"566\" src=\"https:\/\/www.rkdesign.is\/wp-content\/uploads\/2021\/09\/30-metra-har-goshver-inni-i-skalanum.jpg\" alt=\"\" class=\"wp-image-104\" srcset=\"https:\/\/www.rkdesign.is\/wp-content\/uploads\/2021\/09\/30-metra-har-goshver-inni-i-skalanum.jpg 375w, https:\/\/www.rkdesign.is\/wp-content\/uploads\/2021\/09\/30-metra-har-goshver-inni-i-skalanum-199x300.jpg 199w\" sizes=\"auto, (max-width: 375px) 100vw, 375px\" \/><\/figure><\/div>\n\n\n\n<p>Sk\u00e1li \u00cdslands \u00e1 heimss\u00fdningunni \u00ed Hannover \u00e1ri\u00f0 2000 var upphaf a\u00f0 mj\u00f6g frj\u00f3rri samvinnu verkfr\u00e6\u00f0istofunnar L\u00ednuh\u00f6nnunar vi\u00f0 s\u00fdningarh\u00f6nnu\u00f0inn \u00c1rna P\u00e1l J\u00f3hannsson, Gagarin og Exton.<\/p>\n\n\n\n<p>Var talinn einn best heppna\u00f0i sk\u00e1li s\u00fdningarinnar og s\u00e1 eini sem f\u00e9kk framhaldsl\u00edf en Danfoss keypti hann og er hann n\u00fa hluti af s\u00fdningarsv\u00e6\u00f0i fyrirt\u00e6kisins \u00ed Danm\u00f6rku.<\/p>\n\n\n\n<p>Sk\u00e1linn f\u00e9kk n\u00e6st mestu a\u00f0s\u00f3kn allra sk\u00e1la \u00e1 eftir risask\u00e1la \u00fej\u00f3\u00f0verja og um \u00fea\u00f0 bil s\u00f6mu a\u00f0s\u00f3kn og \u00f6ll hin Nor\u00f0url\u00f6ndin samanlagt.<\/p>\n\n\n\n<p>\u00c1 eftir fylgdu samvinna s\u00f6mu a\u00f0ila vi\u00f0 ger\u00f0 v\u00edsindas\u00fdninga \u00ed Par\u00eds og London, galdrasafnanna \u00e1 Str\u00f6ndum, \u00cdskastala \u00ed Prag, leikmynda fyrir kvikmyndir o.fl.<\/p>\n\n\n\n<p><strong>Nato r\u00e1\u00f0stefnan 2004<\/strong><\/p>\n\n\n\n<div class=\"wp-block-image\"><figure class=\"aligncenter size-full is-resized\"><img loading=\"lazy\" decoding=\"async\" src=\"https:\/\/www.rkdesign.is\/wp-content\/uploads\/2021\/09\/Nato-radstefnan-2004.jpg\" alt=\"\" class=\"wp-image-106\" width=\"426\" height=\"219\" srcset=\"https:\/\/www.rkdesign.is\/wp-content\/uploads\/2021\/09\/Nato-radstefnan-2004.jpg 400w, https:\/\/www.rkdesign.is\/wp-content\/uploads\/2021\/09\/Nato-radstefnan-2004-300x155.jpg 300w\" sizes=\"auto, (max-width: 426px) 100vw, 426px\" \/><\/figure><\/div>\n\n\n\n<p>Hlutverk L\u00ednuh\u00f6nnunar var a\u00f0 skipuleggja allt r\u00e1\u00f0stefnusv\u00e6\u00f0i\u00f0 og l\u00e1ta byggja allt sem byggja \u00feurfti og sitja \u00ed undirb\u00faningsh\u00f3pi utanr\u00edkisr\u00e1\u00f0uneytisins og Nato.<\/p>\n\n\n\n<p>Forv\u00edgismenn byggingar og skipulagsm\u00e1la hj\u00e1 Nato s\u00f6g\u00f0u \u00feetta \u00ed fyrsta skipti sem verkfr\u00e6\u00f0istofa k\u00e6mi a\u00f0 \u00feessum m\u00e1lum og aldrei hef\u00f0i \u00feetta gengi\u00f0 eins vel.<\/p>\n\n\n\n<p><\/p>\n\n\n\n<p>A\u00f0almennirnir \u00e1 r\u00e1\u00f0stefnunni<\/p>\n\n\n\n<div class=\"wp-block-image\"><figure class=\"aligncenter size-large is-resized\"><img loading=\"lazy\" decoding=\"async\" src=\"https:\/\/www.rkdesign.is\/wp-content\/uploads\/2021\/09\/Adalmennirnir-a-radstefnunni-1024x667.jpg\" alt=\"\" class=\"wp-image-107\" width=\"657\" height=\"428\" srcset=\"https:\/\/www.rkdesign.is\/wp-content\/uploads\/2021\/09\/Adalmennirnir-a-radstefnunni-1024x667.jpg 1024w, https:\/\/www.rkdesign.is\/wp-content\/uploads\/2021\/09\/Adalmennirnir-a-radstefnunni-300x195.jpg 300w, https:\/\/www.rkdesign.is\/wp-content\/uploads\/2021\/09\/Adalmennirnir-a-radstefnunni-768x500.jpg 768w, https:\/\/www.rkdesign.is\/wp-content\/uploads\/2021\/09\/Adalmennirnir-a-radstefnunni.jpg 1032w\" sizes=\"auto, (max-width: 657px) 100vw, 657px\" \/><\/figure><\/div>\n\n\n\n<p><\/p>\n\n\n\n<p><strong>Skautasvell, \u00edskastalar me\u00f0 eldsp\u00faandi drekum o.fl. \u00e1 gamla torginu \u00ed Prag<\/strong><\/p>\n\n\n\n<div class=\"wp-block-image\"><figure class=\"aligncenter size-full\"><img loading=\"lazy\" decoding=\"async\" width=\"640\" height=\"480\" src=\"https:\/\/www.rkdesign.is\/wp-content\/uploads\/2021\/09\/Skautasvell-iskastalar-med-eldspuandi-drekum-o.fl_.-a-gamla-torginu-i-Prag.jpg\" alt=\"\" class=\"wp-image-108\" srcset=\"https:\/\/www.rkdesign.is\/wp-content\/uploads\/2021\/09\/Skautasvell-iskastalar-med-eldspuandi-drekum-o.fl_.-a-gamla-torginu-i-Prag.jpg 640w, https:\/\/www.rkdesign.is\/wp-content\/uploads\/2021\/09\/Skautasvell-iskastalar-med-eldspuandi-drekum-o.fl_.-a-gamla-torginu-i-Prag-300x225.jpg 300w\" sizes=\"auto, (max-width: 640px) 100vw, 640px\" \/><\/figure><\/div>\n\n\n\n<p>Verkefni sem kom til okkar \u00c1rna P\u00e1ls J\u00f3hannssonar h\u00f6nnu\u00f0ar vegna misskilnings.<\/p>\n\n\n\n<p>T\u00e9kkar vissu a\u00f0 n\u00fdleg Bond mynd haf\u00f0i veri\u00f0 tekin \u00e1 \u00cdslandi og h\u00e9ldu a\u00f0 miklir \u00edskastalar sem komu fyrir \u00ed myndinni hef\u00f0i veri\u00f0 hanna\u00f0ir og ger\u00f0ir af \u00cdslendingum. \u00deeir leitu\u00f0u \u00fev\u00ed til Sagafilm sem leita\u00f0i til okkar. \u00cd raun voru kastalarnir ger\u00f0ir \u00ed London.<\/p>\n\n\n\n<p><strong>T\u00f3nlistarh\u00fasi\u00f0 Harpa<\/strong>.<\/p>\n\n\n\n<p><\/p>\n\n\n\n<div class=\"wp-block-image\"><figure class=\"aligncenter size-large is-resized\"><img loading=\"lazy\" decoding=\"async\" src=\"https:\/\/www.rkdesign.is\/wp-content\/uploads\/2021\/09\/Tonlistarhusid-Harpa-1024x681.jpg\" alt=\"\" class=\"wp-image-109\" width=\"892\" height=\"592\" srcset=\"https:\/\/www.rkdesign.is\/wp-content\/uploads\/2021\/09\/Tonlistarhusid-Harpa-1024x681.jpg 1024w, https:\/\/www.rkdesign.is\/wp-content\/uploads\/2021\/09\/Tonlistarhusid-Harpa-300x199.jpg 300w, https:\/\/www.rkdesign.is\/wp-content\/uploads\/2021\/09\/Tonlistarhusid-Harpa-768x511.jpg 768w, https:\/\/www.rkdesign.is\/wp-content\/uploads\/2021\/09\/Tonlistarhusid-Harpa.jpg 1143w\" sizes=\"auto, (max-width: 892px) 100vw, 892px\" \/><\/figure><\/div>\n\n\n\n<p>Hlutverk mitt. H\u00f6nnunarstj\u00f3ri h\u00fassins og st\u00fdr\u00f0i \u00e9g h\u00f6nnun h\u00fassins og var fr\u00e1 \u00e1rsbyrjun 2010 einnig verkefnistj\u00f3ri glerhj\u00fapsins<\/p>\n\n\n\n<p>Fl\u00f3knasta h\u00fas sem hefur veri\u00f0 byggt \u00e1 \u00cdslandi. Hefur hloti\u00f0 m\u00f6rg ver\u00f0laun m.a. sem eitt af 10 bestu t\u00f3nlistarh\u00fasum \u00ed heimi, vali\u00f0 h\u00fas \u00e1rsins v\u00ed\u00f0a um heim.<\/p>\n\n\n\n<p><\/p>\n\n\n\n<div class=\"wp-block-image\"><figure class=\"aligncenter size-large is-resized\"><img loading=\"lazy\" decoding=\"async\" src=\"https:\/\/www.rkdesign.is\/wp-content\/uploads\/2021\/09\/Tonlistarhusid-Harpa2-1024x681.jpg\" alt=\"\" class=\"wp-image-110\" width=\"795\" height=\"528\" srcset=\"https:\/\/www.rkdesign.is\/wp-content\/uploads\/2021\/09\/Tonlistarhusid-Harpa2-1024x681.jpg 1024w, https:\/\/www.rkdesign.is\/wp-content\/uploads\/2021\/09\/Tonlistarhusid-Harpa2-300x200.jpg 300w, https:\/\/www.rkdesign.is\/wp-content\/uploads\/2021\/09\/Tonlistarhusid-Harpa2-768x511.jpg 768w, https:\/\/www.rkdesign.is\/wp-content\/uploads\/2021\/09\/Tonlistarhusid-Harpa2.jpg 1136w\" sizes=\"auto, (max-width: 795px) 100vw, 795px\" \/><\/figure><\/div>\n\n\n\n<p>Eldborg, a\u00f0alsalur H\u00f6rpu \u00feykir einn besti hlj\u00f3mlistarsalur \u00ed heimi.<\/p>\n\n\n\n<p><\/p>\n\n\n\n<div class=\"wp-block-image\"><figure class=\"aligncenter size-large is-resized\"><img loading=\"lazy\" decoding=\"async\" src=\"https:\/\/www.rkdesign.is\/wp-content\/uploads\/2021\/09\/Eldborg-1024x682.jpg\" alt=\"\" class=\"wp-image-112\" width=\"839\" height=\"558\" srcset=\"https:\/\/www.rkdesign.is\/wp-content\/uploads\/2021\/09\/Eldborg-1024x682.jpg 1024w, https:\/\/www.rkdesign.is\/wp-content\/uploads\/2021\/09\/Eldborg-300x200.jpg 300w, https:\/\/www.rkdesign.is\/wp-content\/uploads\/2021\/09\/Eldborg-768x511.jpg 768w, https:\/\/www.rkdesign.is\/wp-content\/uploads\/2021\/09\/Eldborg.jpg 1181w\" sizes=\"auto, (max-width: 839px) 100vw, 839px\" \/><\/figure><\/div>\n\n\n\n<p>Speglanir \u00ed nor\u00f0urhli\u00f0 h\u00fassins<\/p>\n\n\n\n<p><\/p>\n\n\n\n<div class=\"wp-block-image\"><figure class=\"aligncenter size-large\"><img loading=\"lazy\" decoding=\"async\" width=\"1024\" height=\"682\" src=\"https:\/\/www.rkdesign.is\/wp-content\/uploads\/2021\/09\/Speglanir-1024x682.jpg\" alt=\"\" class=\"wp-image-113\" srcset=\"https:\/\/www.rkdesign.is\/wp-content\/uploads\/2021\/09\/Speglanir-1024x682.jpg 1024w, https:\/\/www.rkdesign.is\/wp-content\/uploads\/2021\/09\/Speglanir-300x200.jpg 300w, https:\/\/www.rkdesign.is\/wp-content\/uploads\/2021\/09\/Speglanir-768x511.jpg 768w, https:\/\/www.rkdesign.is\/wp-content\/uploads\/2021\/09\/Speglanir.jpg 1239w\" sizes=\"auto, (max-width: 1024px) 100vw, 1024px\" \/><\/figure><\/div>\n\n\n\n<p>Glerhj\u00fapurinn speglast \u00ed lj\u00f3su g\u00f3lfinu.<\/p>\n\n\n\n<p><\/p>\n\n\n\n<div class=\"wp-block-image\"><figure class=\"aligncenter size-large\"><img loading=\"lazy\" decoding=\"async\" width=\"680\" height=\"1024\" src=\"https:\/\/www.rkdesign.is\/wp-content\/uploads\/2021\/09\/Glerhjupurinn-680x1024.jpg\" alt=\"\" class=\"wp-image-114\" srcset=\"https:\/\/www.rkdesign.is\/wp-content\/uploads\/2021\/09\/Glerhjupurinn-680x1024.jpg 680w, https:\/\/www.rkdesign.is\/wp-content\/uploads\/2021\/09\/Glerhjupurinn-199x300.jpg 199w, https:\/\/www.rkdesign.is\/wp-content\/uploads\/2021\/09\/Glerhjupurinn-768x1156.jpg 768w, https:\/\/www.rkdesign.is\/wp-content\/uploads\/2021\/09\/Glerhjupurinn-1020x1536.jpg 1020w, https:\/\/www.rkdesign.is\/wp-content\/uploads\/2021\/09\/Glerhjupurinn.jpg 1056w\" sizes=\"auto, (max-width: 680px) 100vw, 680px\" \/><\/figure><\/div>\n","protected":false},"excerpt":{"rendered":"<p>Ranns\u00f3knarsk\u00fdrsla um steypuskemmdir apr\u00edl 2012 Endurger\u00f0 H\u00f3lad\u00f3mkirkju. Upphaf samvinnu minnar vi\u00f0 \u00deorstein Gunnarsson sem stendur enn sem og upphaf \u00e1 endurger\u00f0 allra steinh\u00fasa \u00e1tj\u00e1ndu aldarinnar nema Landakirkju sem vi\u00f0 erum a\u00f0 vinna a\u00f0 n\u00fana. Br\u00fa \u00e1 B\u00fasta\u00f0arveg yfir Miklubraut Br\u00fain \u00fe\u00f3tti mj\u00f6g vel heppnu\u00f0 b\u00e6\u00f0i bur\u00f0ar\u00feolslega, peningalega og \u00fatlitslega. P\u00e1fi br\u00faarh\u00f6nnu\u00f0a, \u00fej\u00f3\u00f0verjinn Fritz Leonhardt, f\u00f3r [&hellip;]<\/p>\n","protected":false},"author":1,"featured_media":0,"parent":0,"menu_order":0,"comment_status":"closed","ping_status":"closed","template":"","meta":{"footnotes":""},"class_list":["post-89","page","type-page","status-publish","hentry"],"_links":{"self":[{"href":"https:\/\/www.rkdesign.is\/index.php\/wp-json\/wp\/v2\/pages\/89","targetHints":{"allow":["GET"]}}],"collection":[{"href":"https:\/\/www.rkdesign.is\/index.php\/wp-json\/wp\/v2\/pages"}],"about":[{"href":"https:\/\/www.rkdesign.is\/index.php\/wp-json\/wp\/v2\/types\/page"}],"author":[{"embeddable":true,"href":"https:\/\/www.rkdesign.is\/index.php\/wp-json\/wp\/v2\/users\/1"}],"replies":[{"embeddable":true,"href":"https:\/\/www.rkdesign.is\/index.php\/wp-json\/wp\/v2\/comments?post=89"}],"version-history":[{"count":10,"href":"https:\/\/www.rkdesign.is\/index.php\/wp-json\/wp\/v2\/pages\/89\/revisions"}],"predecessor-version":[{"id":304,"href":"https:\/\/www.rkdesign.is\/index.php\/wp-json\/wp\/v2\/pages\/89\/revisions\/304"}],"wp:attachment":[{"href":"https:\/\/www.rkdesign.is\/index.php\/wp-json\/wp\/v2\/media?parent=89"}],"curies":[{"name":"wp","href":"https:\/\/api.w.org\/{rel}","templated":true}]}}